{"id":2,"date":"2023-05-13T19:44:11","date_gmt":"2023-05-13T18:44:11","guid":{"rendered":"http:\/?page_id=2"},"modified":"2025-08-20T13:24:08","modified_gmt":"2025-08-20T12:24:08","slug":"home","status":"publish","type":"page","link":"https:\/\/noellerollet.site\/","title":{"rendered":""},"content":{"rendered":"\n<p style=\"text-align: center;\"><span style=\"font-size: 20px;\">Je propose \u00e0 mes clients de l&rsquo;\u00e9dition et de la presse des prestations personnalis\u00e9es de correction et de r\u00e9\u00e9criture depuis 2017. Sp\u00e9cialis\u00e9e dans la litt\u00e9rature, les ouvrages universitaires, les essais professionnels ou de d\u00e9veloppement personnel, je suis soucieuse de l&rsquo;exactitude de la langue autant que du propos.<\/span><\/p>\n\n\n\n<hr class=\"wp-block-separator has-alpha-channel-opacity\"\/>\n\n\n\n<div class=\"wp-block-columns is-layout-flex wp-container-core-columns-is-layout-9d6595d7 wp-block-columns-is-layout-flex\">\n<div class=\"wp-block-column has-background is-layout-flow wp-block-column-is-layout-flow\" style=\"background-color:#e0e0e0\">\n<figure class=\"wp-block-image\"><img data-recalc-dims=\"1\" loading=\"lazy\" decoding=\"async\" width=\"700\" height=\"467\" src=\"https:\/\/i0.wp.com\/noellerollet.site\/wp-content\/uploads\/2016\/09\/mac2.jpg?resize=700%2C467\" alt=\"\" class=\"wp-image-52\" srcset=\"https:\/\/i0.wp.com\/noellerollet.site\/wp-content\/uploads\/2016\/09\/mac2.jpg?resize=700%2C467&amp;ssl=1 700w, https:\/\/i0.wp.com\/noellerollet.site\/wp-content\/uploads\/2016\/09\/mac2.jpg?resize=300%2C200&amp;ssl=1 300w, https:\/\/i0.wp.com\/noellerollet.site\/wp-content\/uploads\/2016\/09\/mac2.jpg?resize=768%2C512&amp;ssl=1 768w, https:\/\/i0.wp.com\/noellerollet.site\/wp-content\/uploads\/2016\/09\/mac2.jpg?resize=600%2C400&amp;ssl=1 600w, https:\/\/i0.wp.com\/noellerollet.site\/wp-content\/uploads\/2016\/09\/mac2.jpg?resize=272%2C182&amp;ssl=1 272w, https:\/\/i0.wp.com\/noellerollet.site\/wp-content\/uploads\/2016\/09\/mac2.jpg?w=1934&amp;ssl=1 1934w, https:\/\/i0.wp.com\/noellerollet.site\/wp-content\/uploads\/2016\/09\/mac2.jpg?w=1650 1650w\" sizes=\"auto, (max-width: 700px) 100vw, 700px\" \/><\/figure>\n\n\n\n<h3 class=\"wp-block-heading has-text-align-center has-text-color\" style=\"color:#bd464b\">Mes services<\/h3>\n\n\n\n<ul>\n<li>R\u00e9\u00e9criture<\/li>\n<li>Relecture-correction<\/li>\n<li>Application des styles<\/li>\n<li>Suivi \u00e9ditorial<\/li>\n<\/ul>\n<p style=\"padding-left: 40px;\"><em>\u00c0 partir de 2,60 \u20ac les 1 500 signes.<\/em><\/p>\n<\/div>\n\n\n\n<div class=\"wp-block-column has-background is-layout-flow wp-block-column-is-layout-flow\" style=\"background-color:#e0e0e0\"><div class=\"wp-block-image\">\n<figure class=\"aligncenter size-large\"><img data-recalc-dims=\"1\" loading=\"lazy\" decoding=\"async\" width=\"700\" height=\"467\" src=\"https:\/\/i0.wp.com\/noellerollet.site\/wp-content\/uploads\/2023\/04\/13660842584_e6145ded6d_o.jpg?resize=700%2C467\" alt=\"\" class=\"wp-image-456\" srcset=\"https:\/\/i0.wp.com\/noellerollet.site\/wp-content\/uploads\/2023\/04\/13660842584_e6145ded6d_o-scaled.jpg?resize=700%2C467&amp;ssl=1 700w, https:\/\/i0.wp.com\/noellerollet.site\/wp-content\/uploads\/2023\/04\/13660842584_e6145ded6d_o-scaled.jpg?resize=300%2C200&amp;ssl=1 300w, https:\/\/i0.wp.com\/noellerollet.site\/wp-content\/uploads\/2023\/04\/13660842584_e6145ded6d_o-scaled.jpg?resize=768%2C512&amp;ssl=1 768w, https:\/\/i0.wp.com\/noellerollet.site\/wp-content\/uploads\/2023\/04\/13660842584_e6145ded6d_o-scaled.jpg?resize=600%2C400&amp;ssl=1 600w, https:\/\/i0.wp.com\/noellerollet.site\/wp-content\/uploads\/2023\/04\/13660842584_e6145ded6d_o-scaled.jpg?resize=1536%2C1024&amp;ssl=1 1536w, https:\/\/i0.wp.com\/noellerollet.site\/wp-content\/uploads\/2023\/04\/13660842584_e6145ded6d_o-scaled.jpg?resize=2048%2C1365&amp;ssl=1 2048w, https:\/\/i0.wp.com\/noellerollet.site\/wp-content\/uploads\/2023\/04\/13660842584_e6145ded6d_o-scaled.jpg?w=1650 1650w, https:\/\/i0.wp.com\/noellerollet.site\/wp-content\/uploads\/2023\/04\/13660842584_e6145ded6d_o-scaled.jpg?w=2475 2475w\" sizes=\"auto, (max-width: 700px) 100vw, 700px\" \/><\/figure>\n<\/div>\n\n\n<h3 class=\"wp-block-heading has-text-align-center has-text-color\" style=\"color:#bd464b\">Mes clients<\/h3>\n\n\n\n<ul>\n<li>Litt\u00e9rature : \u00c9ditions de l&rsquo;Ogre, <em>La Moiti\u00e9 du fourbi<\/em> (revue), Valentin Translation (agence \u00e9ditoriale).<\/li>\n<li>\u00c9ditions scolaires et universitaires : Vuibert, CLE International.<\/li>\n<li>\u00c9ditions professionnelles et art de vivre : Eyrolles, Jouvence.<\/li>\n<li>Presse : <em>Le Nouvel \u00c9conomiste.<\/em><\/li>\n<\/ul>\n<\/div>\n<\/div>\n\n\n\n<hr class=\"wp-block-separator has-alpha-channel-opacity\"\/>\n\n\n\n<div class=\"wp-block-buttons is-content-justification-center is-layout-flex wp-container-core-buttons-is-layout-16018d1d wp-block-buttons-is-layout-flex\">\n<div class=\"wp-block-button has-custom-width wp-block-button__width-50\"><a class=\"wp-block-button__link has-background has-text-align-center wp-element-button\" href=\"mailto:contact@noellerollet.site\" style=\"background-color:#bc8789\" target=\"_blank\" rel=\"noreferrer noopener\">Contact<\/a><\/div>\n<\/div>\n\n\n\n<hr class=\"wp-block-separator has-alpha-channel-opacity\"\/>\n\n\n\n<div class=\"wp-block-columns is-layout-flex wp-container-core-columns-is-layout-9d6595d7 wp-block-columns-is-layout-flex\">\n<div class=\"wp-block-column is-layout-flow wp-block-column-is-layout-flow\"><div class=\"wp-block-image is-style-rounded\">\n<figure class=\"aligncenter size-medium is-resized\"><img data-recalc-dims=\"1\" loading=\"lazy\" decoding=\"async\" width=\"287\" height=\"300\" src=\"https:\/\/i0.wp.com\/noellerollet.site\/wp-content\/uploads\/2023\/04\/IMG_20230330_210315_edit_701673102466810.jpg?resize=287%2C300\" alt=\"\" class=\"wp-image-473\" style=\"width:209px;height:218px\" srcset=\"https:\/\/i0.wp.com\/noellerollet.site\/wp-content\/uploads\/2023\/04\/IMG_20230330_210315_edit_701673102466810.jpg?resize=287%2C300&amp;ssl=1 287w, https:\/\/i0.wp.com\/noellerollet.site\/wp-content\/uploads\/2023\/04\/IMG_20230330_210315_edit_701673102466810.jpg?resize=700%2C733&amp;ssl=1 700w, https:\/\/i0.wp.com\/noellerollet.site\/wp-content\/uploads\/2023\/04\/IMG_20230330_210315_edit_701673102466810.jpg?resize=768%2C804&amp;ssl=1 768w, https:\/\/i0.wp.com\/noellerollet.site\/wp-content\/uploads\/2023\/04\/IMG_20230330_210315_edit_701673102466810.jpg?resize=1467%2C1536&amp;ssl=1 1467w, https:\/\/i0.wp.com\/noellerollet.site\/wp-content\/uploads\/2023\/04\/IMG_20230330_210315_edit_701673102466810.jpg?resize=1956%2C2048&amp;ssl=1 1956w, https:\/\/i0.wp.com\/noellerollet.site\/wp-content\/uploads\/2023\/04\/IMG_20230330_210315_edit_701673102466810.jpg?resize=1568%2C1642&amp;ssl=1 1568w, https:\/\/i0.wp.com\/noellerollet.site\/wp-content\/uploads\/2023\/04\/IMG_20230330_210315_edit_701673102466810.jpg?w=1650 1650w\" sizes=\"auto, (max-width: 287px) 100vw, 287px\" \/><figcaption class=\"wp-element-caption\"><strong><a href=\"http:\/\/noellerollet.site\/?page_id=528\" title=\"\">QUI SUIS-JE ?<\/a><\/strong><\/figcaption><\/figure>\n<\/div><\/div>\n\n\n\n<div class=\"wp-block-column is-layout-flow wp-block-column-is-layout-flow\"><div class=\"wp-block-image is-style-rounded\">\n<figure class=\"aligncenter size-medium is-resized\"><img data-recalc-dims=\"1\" loading=\"lazy\" decoding=\"async\" width=\"300\" height=\"225\" src=\"https:\/\/i0.wp.com\/noellerollet.site\/wp-content\/uploads\/2016\/08\/3863527796_b629f99c30_o.jpg?resize=300%2C225\" alt=\"\" class=\"wp-image-56\" style=\"width:211px;height:221px\" srcset=\"https:\/\/i0.wp.com\/noellerollet.site\/wp-content\/uploads\/2016\/08\/3863527796_b629f99c30_o.jpg?resize=300%2C225&amp;ssl=1 300w, https:\/\/i0.wp.com\/noellerollet.site\/wp-content\/uploads\/2016\/08\/3863527796_b629f99c30_o.jpg?resize=768%2C576&amp;ssl=1 768w, https:\/\/i0.wp.com\/noellerollet.site\/wp-content\/uploads\/2016\/08\/3863527796_b629f99c30_o.jpg?resize=700%2C525&amp;ssl=1 700w, https:\/\/i0.wp.com\/noellerollet.site\/wp-content\/uploads\/2016\/08\/3863527796_b629f99c30_o.jpg?w=800&amp;ssl=1 800w\" sizes=\"auto, (max-width: 300px) 100vw, 300px\" \/><figcaption class=\"wp-element-caption\"><strong><a href=\"http:\/\/noellerollet.site\/?page_id=446\" title=\"BLOG\">BLOG<\/a><\/strong><\/figcaption><\/figure>\n<\/div><\/div>\n\n\n\n<div class=\"wp-block-column is-layout-flow wp-block-column-is-layout-flow\"><div class=\"wp-block-image is-style-rounded\">\n<figure class=\"aligncenter size-medium is-resized\"><a href=\"http:\/\/noellerollet.site\/?page_id=559\"><img data-recalc-dims=\"1\" loading=\"lazy\" decoding=\"async\" width=\"300\" height=\"300\" src=\"https:\/\/i0.wp.com\/noellerollet.site\/wp-content\/uploads\/2023\/05\/image_adobe_express.jpeg?resize=300%2C300\" alt=\"\" class=\"wp-image-519\" style=\"width:211px;height:225px\" srcset=\"https:\/\/i0.wp.com\/noellerollet.site\/wp-content\/uploads\/2023\/05\/image_adobe_express.jpeg?resize=300%2C300&amp;ssl=1 300w, https:\/\/i0.wp.com\/noellerollet.site\/wp-content\/uploads\/2023\/05\/image_adobe_express.jpeg?resize=700%2C700&amp;ssl=1 700w, https:\/\/i0.wp.com\/noellerollet.site\/wp-content\/uploads\/2023\/05\/image_adobe_express.jpeg?resize=150%2C150&amp;ssl=1 150w, https:\/\/i0.wp.com\/noellerollet.site\/wp-content\/uploads\/2023\/05\/image_adobe_express.jpeg?resize=768%2C768&amp;ssl=1 768w, https:\/\/i0.wp.com\/noellerollet.site\/wp-content\/uploads\/2023\/05\/image_adobe_express.jpeg?resize=180%2C180&amp;ssl=1 180w, https:\/\/i0.wp.com\/noellerollet.site\/wp-content\/uploads\/2023\/05\/image_adobe_express.jpeg?w=1080&amp;ssl=1 1080w\" sizes=\"auto, (max-width: 300px) 100vw, 300px\" \/><\/a><figcaption class=\"wp-element-caption\"><strong><a href=\"http:\/\/noellerollet.site\/?page_id=559\" title=\"COLLABORATIONS\">COLLABORATIONS<\/a><\/strong><\/figcaption><\/figure>\n<\/div><\/div>\n<\/div>\n","protected":false},"excerpt":{"rendered":"<p>Je propose \u00e0 mes clients de l&rsquo;\u00e9dition et de la presse des prestations personnalis\u00e9es de correction et de r\u00e9\u00e9criture depuis 2017. Sp\u00e9cialis\u00e9e dans la litt\u00e9rature, les ouvrages universitaires, les essais professionnels ou de d\u00e9veloppement personnel, je suis soucieuse de l&rsquo;exactitude de la langue autant que du propos. Mes services R\u00e9\u00e9criture Relecture-correction Application des styles Suivi&hellip; <a href=\"https:\/\/noellerollet.site\/\" class=\"more-link\">Lire la suite <span class=\"screen-reader-text\"><\/span><\/a><\/p>\n","protected":false},"author":2,"featured_media":0,"parent":0,"menu_order":0,"comment_status":"closed","ping_status":"closed","template":"","meta":{"om_disable_all_campaigns":false,"_monsterinsights_skip_tracking":false,"_monsterinsights_sitenote_active":false,"_monsterinsights_sitenote_note":"","_monsterinsights_sitenote_category":0,"footnotes":""},"tags":[],"class_list":["post-2","page","type-page","status-publish","hentry","without-featured-image"],"aioseo_notices":[],"jetpack_sharing_enabled":true,"jetpack_shortlink":"https:\/\/wp.me\/P8bqax-2","_links":{"self":[{"href":"https:\/\/noellerollet.site\/index.php?rest_route=\/wp\/v2\/pages\/2","targetHints":{"allow":["GET"]}}],"collection":[{"href":"https:\/\/noellerollet.site\/index.php?rest_route=\/wp\/v2\/pages"}],"about":[{"href":"https:\/\/noellerollet.site\/index.php?rest_route=\/wp\/v2\/types\/page"}],"author":[{"embeddable":true,"href":"https:\/\/noellerollet.site\/index.php?rest_route=\/wp\/v2\/users\/2"}],"replies":[{"embeddable":true,"href":"https:\/\/noellerollet.site\/index.php?rest_route=%2Fwp%2Fv2%2Fcomments&post=2"}],"version-history":[{"count":134,"href":"https:\/\/noellerollet.site\/index.php?rest_route=\/wp\/v2\/pages\/2\/revisions"}],"predecessor-version":[{"id":669,"href":"https:\/\/noellerollet.site\/index.php?rest_route=\/wp\/v2\/pages\/2\/revisions\/669"}],"wp:attachment":[{"href":"https:\/\/noellerollet.site\/index.php?rest_route=%2Fwp%2Fv2%2Fmedia&parent=2"}],"wp:term":[{"taxonomy":"post_tag","embeddable":true,"href":"https:\/\/noellerollet.site\/index.php?rest_route=%2Fwp%2Fv2%2Ftags&post=2"}],"curies":[{"name":"wp","href":"https:\/\/api.w.org\/{rel}","templated":true}]}}